{"id":19,"date":"2014-10-09T10:13:43","date_gmt":"2014-10-09T08:13:43","guid":{"rendered":"http:\/\/www.dc-3.club\/cm\/?page_id=19"},"modified":"2026-03-23T21:20:11","modified_gmt":"2026-03-23T20:20:11","slug":"veranstaltungen","status":"publish","type":"page","link":"https:\/\/www.dc-3.club\/cm\/veranstaltungen-2\/veranstaltungen\/","title":{"rendered":"CLUBABENDE"},"content":{"rendered":"\n<h3 class=\"wp-block-heading\">Ein wichtiger Teil eines Clubjahres sind die Clubabende und Veranstaltungen. Viele Interessante Vortr\u00e4ge und Plausch unter Gleichgesinnten, der Austausch von Reiseerfahrungen und Bildern aus der Fliegerei ist an vorderster Stelle.<\/h3>\n\n\n\n<figure class=\"wp-block-gallery has-nested-images columns-4 is-cropped wp-block-gallery-1 is-layout-flex wp-block-gallery-is-layout-flex\">\n<figure class=\"wp-block-image size-large\"><img loading=\"lazy\" decoding=\"async\" width=\"1024\" height=\"683\" data-id=\"1211\" src=\"https:\/\/www.dc-3.club\/cm\/wp-content\/uploads\/2018\/09\/Clubabend_07_09_2018_02-1024x683.jpg\" alt=\"\" class=\"wp-image-1211\" srcset=\"https:\/\/www.dc-3.club\/cm\/wp-content\/uploads\/2018\/09\/Clubabend_07_09_2018_02-1024x683.jpg 1024w, https:\/\/www.dc-3.club\/cm\/wp-content\/uploads\/2018\/09\/Clubabend_07_09_2018_02-300x200.jpg 300w, https:\/\/www.dc-3.club\/cm\/wp-content\/uploads\/2018\/09\/Clubabend_07_09_2018_02-768x512.jpg 768w, https:\/\/www.dc-3.club\/cm\/wp-content\/uploads\/2018\/09\/Clubabend_07_09_2018_02-1140x760.jpg 1140w, https:\/\/www.dc-3.club\/cm\/wp-content\/uploads\/2018\/09\/Clubabend_07_09_2018_02-555x370.jpg 555w, https:\/\/www.dc-3.club\/cm\/wp-content\/uploads\/2018\/09\/Clubabend_07_09_2018_02-360x240.jpg 360w, https:\/\/www.dc-3.club\/cm\/wp-content\/uploads\/2018\/09\/Clubabend_07_09_2018_02-262x175.jpg 262w, https:\/\/www.dc-3.club\/cm\/wp-content\/uploads\/2018\/09\/Clubabend_07_09_2018_02.jpg 1200w\" sizes=\"auto, (max-width: 1024px) 100vw, 1024px\" \/><\/figure>\n\n\n\n<figure class=\"wp-block-image size-large\"><img loading=\"lazy\" decoding=\"async\" width=\"1024\" height=\"683\" data-id=\"945\" src=\"https:\/\/www.dc-3.club\/cm\/wp-content\/uploads\/2017\/08\/Sommerfest_2017_4-1024x683.jpg\" alt=\"\" class=\"wp-image-945\" srcset=\"https:\/\/www.dc-3.club\/cm\/wp-content\/uploads\/2017\/08\/Sommerfest_2017_4-1024x683.jpg 1024w, https:\/\/www.dc-3.club\/cm\/wp-content\/uploads\/2017\/08\/Sommerfest_2017_4-300x200.jpg 300w, https:\/\/www.dc-3.club\/cm\/wp-content\/uploads\/2017\/08\/Sommerfest_2017_4-768x512.jpg 768w, https:\/\/www.dc-3.club\/cm\/wp-content\/uploads\/2017\/08\/Sommerfest_2017_4-1140x760.jpg 1140w, https:\/\/www.dc-3.club\/cm\/wp-content\/uploads\/2017\/08\/Sommerfest_2017_4-555x370.jpg 555w, https:\/\/www.dc-3.club\/cm\/wp-content\/uploads\/2017\/08\/Sommerfest_2017_4-360x240.jpg 360w, https:\/\/www.dc-3.club\/cm\/wp-content\/uploads\/2017\/08\/Sommerfest_2017_4-262x175.jpg 262w, https:\/\/www.dc-3.club\/cm\/wp-content\/uploads\/2017\/08\/Sommerfest_2017_4.jpg 1200w\" sizes=\"auto, (max-width: 1024px) 100vw, 1024px\" \/><\/figure>\n\n\n\n<figure class=\"wp-block-image size-large\"><img loading=\"lazy\" decoding=\"async\" width=\"1024\" height=\"683\" data-id=\"943\" src=\"https:\/\/www.dc-3.club\/cm\/wp-content\/uploads\/2017\/08\/Sommerfest_2017_3-1024x683.jpg\" alt=\"\" class=\"wp-image-943\" srcset=\"https:\/\/www.dc-3.club\/cm\/wp-content\/uploads\/2017\/08\/Sommerfest_2017_3-1024x683.jpg 1024w, https:\/\/www.dc-3.club\/cm\/wp-content\/uploads\/2017\/08\/Sommerfest_2017_3-300x200.jpg 300w, https:\/\/www.dc-3.club\/cm\/wp-content\/uploads\/2017\/08\/Sommerfest_2017_3-768x512.jpg 768w, https:\/\/www.dc-3.club\/cm\/wp-content\/uploads\/2017\/08\/Sommerfest_2017_3-1140x760.jpg 1140w, https:\/\/www.dc-3.club\/cm\/wp-content\/uploads\/2017\/08\/Sommerfest_2017_3-555x370.jpg 555w, https:\/\/www.dc-3.club\/cm\/wp-content\/uploads\/2017\/08\/Sommerfest_2017_3-360x240.jpg 360w, https:\/\/www.dc-3.club\/cm\/wp-content\/uploads\/2017\/08\/Sommerfest_2017_3-262x175.jpg 262w, https:\/\/www.dc-3.club\/cm\/wp-content\/uploads\/2017\/08\/Sommerfest_2017_3.jpg 1200w\" sizes=\"auto, (max-width: 1024px) 100vw, 1024px\" \/><\/figure>\n\n\n\n<figure class=\"wp-block-image size-large\"><img loading=\"lazy\" decoding=\"async\" width=\"1024\" height=\"683\" data-id=\"1190\" src=\"https:\/\/www.dc-3.club\/cm\/wp-content\/uploads\/2018\/08\/Sommerfest_2018_001-1024x683.jpg\" alt=\"\" class=\"wp-image-1190\" srcset=\"https:\/\/www.dc-3.club\/cm\/wp-content\/uploads\/2018\/08\/Sommerfest_2018_001-1024x683.jpg 1024w, https:\/\/www.dc-3.club\/cm\/wp-content\/uploads\/2018\/08\/Sommerfest_2018_001-300x200.jpg 300w, https:\/\/www.dc-3.club\/cm\/wp-content\/uploads\/2018\/08\/Sommerfest_2018_001-768x512.jpg 768w, https:\/\/www.dc-3.club\/cm\/wp-content\/uploads\/2018\/08\/Sommerfest_2018_001-1140x760.jpg 1140w, https:\/\/www.dc-3.club\/cm\/wp-content\/uploads\/2018\/08\/Sommerfest_2018_001-555x370.jpg 555w, https:\/\/www.dc-3.club\/cm\/wp-content\/uploads\/2018\/08\/Sommerfest_2018_001-360x240.jpg 360w, https:\/\/www.dc-3.club\/cm\/wp-content\/uploads\/2018\/08\/Sommerfest_2018_001-262x175.jpg 262w, https:\/\/www.dc-3.club\/cm\/wp-content\/uploads\/2018\/08\/Sommerfest_2018_001.jpg 1200w\" sizes=\"auto, (max-width: 1024px) 100vw, 1024px\" \/><\/figure>\n<\/figure>\n\n\n\n<h3 class=\"wp-block-heading\">Unsere n\u00e4chsten Clubveranstaltungen:<\/h3>\n\n\n\n<ul class=\"wp-block-list\">\n<li><strong>8. Mai 2026<\/strong><\/li>\n\n\n\n<li><strong>3. Juli 2026<\/strong><\/li>\n\n\n\n<li><strong>7. August 2026<\/strong> \u201eSommerfest\u201c<\/li>\n\n\n\n<li><strong>4. September 2026<\/strong><\/li>\n\n\n\n<li><strong>11.-13. September 2026<\/strong> Clubreise Tschechien<\/li>\n\n\n\n<li><strong>6. November 2026<\/strong><\/li>\n\n\n\n<li><strong>5. Dezember 2026<\/strong> \u201eWeihnachtsfeier<\/li>\n<\/ul>\n\n\n\n<h3 class=\"wp-block-heading\">Anmeldungen zu unseren DC-3 Club Veranstaltungen k\u00f6nnen hier ungef\u00e4hr zwei Wochen vor Veranstaltungsbeginn bis wenige Tage davor vorgenommen werden:<\/h3>\n\n\n\n<div class=\"wpcf7 no-js\" id=\"wpcf7-f408-o1\" lang=\"de-DE\" dir=\"ltr\" data-wpcf7-id=\"408\">\n<div class=\"screen-reader-response\"><p role=\"status\" aria-live=\"polite\" aria-atomic=\"true\"><\/p> <ul><\/ul><\/div>\n<form action=\"\/cm\/wp-json\/wp\/v2\/pages\/19#wpcf7-f408-o1\" method=\"post\" class=\"wpcf7-form init\" aria-label=\"Kontaktformular\" novalidate=\"novalidate\" data-status=\"init\">\n<fieldset class=\"hidden-fields-container\"><input type=\"hidden\" name=\"_wpcf7\" value=\"408\" \/><input type=\"hidden\" name=\"_wpcf7_version\" value=\"6.1.5\" \/><input type=\"hidden\" name=\"_wpcf7_locale\" value=\"de_DE\" \/><input type=\"hidden\" name=\"_wpcf7_unit_tag\" value=\"wpcf7-f408-o1\" \/><input type=\"hidden\" name=\"_wpcf7_container_post\" value=\"0\" \/><input type=\"hidden\" name=\"_wpcf7_posted_data_hash\" value=\"\" \/><input type=\"hidden\" name=\"_wpcf7_recaptcha_response\" value=\"\" \/>\n<\/fieldset>\n<p><label> Vorname & Nachname (Pflichtfeld)<br \/>\n<span class=\"wpcf7-form-control-wrap\" data-name=\"your-name\"><input size=\"40\" maxlength=\"400\" class=\"wpcf7-form-control wpcf7-text wpcf7-validates-as-required\" aria-required=\"true\" aria-invalid=\"false\" value=\"\" type=\"text\" name=\"your-name\" \/><\/span> <\/label>\n<\/p>\n<p><label> Ihre E-Mail-Adresse (Pflichtfeld)<br \/>\n<span class=\"wpcf7-form-control-wrap\" data-name=\"your-email\"><input size=\"40\" maxlength=\"400\" class=\"wpcf7-form-control wpcf7-email wpcf7-validates-as-required wpcf7-text wpcf7-validates-as-email\" aria-required=\"true\" aria-invalid=\"false\" value=\"\" type=\"email\" name=\"your-email\" \/><\/span> <\/label>\n<\/p>\n<p><label> Veranstaltung ausw\u00e4hlen (Pflichtfeld)<br \/>\n<span class=\"wpcf7-form-control-wrap\" data-name=\"Veranstaltungen\"><select class=\"wpcf7-form-control wpcf7-select wpcf7-validates-as-required\" aria-required=\"true\" aria-invalid=\"false\" name=\"Veranstaltungen\"><option value=\"\">&#8211; Bitte ausw\u00e4hlen &#8211;<\/option><option value=\"8. Mai 2026 Clubabend\">8. Mai 2026 Clubabend<\/option><\/select><\/span><\/label>\n<\/p>\n<p><label> Nachricht \/ Bitte ggf. Begleitung angeben<br \/>\n<span class=\"wpcf7-form-control-wrap\" data-name=\"your-message\"><textarea cols=\"40\" rows=\"10\" maxlength=\"2000\" class=\"wpcf7-form-control wpcf7-textarea\" aria-invalid=\"false\" name=\"your-message\"><\/textarea><\/span> <\/label>\n<\/p>\n<p><input class=\"wpcf7-form-control wpcf7-submit has-spinner\" type=\"submit\" value=\"Senden &amp; Anmelden\" \/>\n<\/p><div class=\"wpcf7-response-output\" aria-hidden=\"true\"><\/div>\n<\/form>\n<\/div>\n\n\n\n\n<p><\/p>\n","protected":false},"excerpt":{"rendered":"<p>Ein wichtiger Teil eines Clubjahres sind die Clubabende und Veranstaltungen. Viele Interessante Vortr\u00e4ge und Plausch unter Gleichgesinnten, der Austausch von Reiseerfahrungen und Bildern aus der Fliegerei ist an vorderster Stelle. Unsere n\u00e4chsten Clubveranstaltungen: Anmeldungen zu unseren DC-3 Club Veranstaltungen k\u00f6nnen hier ungef\u00e4hr zwei Wochen vor Veranstaltungsbeginn bis wenige Tage davor vorgenommen werden:<\/p>\n","protected":false},"author":1,"featured_media":0,"parent":39,"menu_order":0,"comment_status":"closed","ping_status":"closed","template":"template-full.php","meta":{"_monsterinsights_skip_tracking":false,"_monsterinsights_sitenote_active":false,"_monsterinsights_sitenote_note":"","_monsterinsights_sitenote_category":0,"ngg_post_thumbnail":0,"footnotes":""},"class_list":["post-19","page","type-page","status-publish","hentry"],"_links":{"self":[{"href":"https:\/\/www.dc-3.club\/cm\/wp-json\/wp\/v2\/pages\/19","targetHints":{"allow":["GET"]}}],"collection":[{"href":"https:\/\/www.dc-3.club\/cm\/wp-json\/wp\/v2\/pages"}],"about":[{"href":"https:\/\/www.dc-3.club\/cm\/wp-json\/wp\/v2\/types\/page"}],"author":[{"embeddable":true,"href":"https:\/\/www.dc-3.club\/cm\/wp-json\/wp\/v2\/users\/1"}],"replies":[{"embeddable":true,"href":"https:\/\/www.dc-3.club\/cm\/wp-json\/wp\/v2\/comments?post=19"}],"version-history":[{"count":67,"href":"https:\/\/www.dc-3.club\/cm\/wp-json\/wp\/v2\/pages\/19\/revisions"}],"predecessor-version":[{"id":20637,"href":"https:\/\/www.dc-3.club\/cm\/wp-json\/wp\/v2\/pages\/19\/revisions\/20637"}],"up":[{"embeddable":true,"href":"https:\/\/www.dc-3.club\/cm\/wp-json\/wp\/v2\/pages\/39"}],"wp:attachment":[{"href":"https:\/\/www.dc-3.club\/cm\/wp-json\/wp\/v2\/media?parent=19"}],"curies":[{"name":"wp","href":"https:\/\/api.w.org\/{rel}","templated":true}]}}