{"id":2501,"date":"2020-10-27T10:44:40","date_gmt":"2020-10-27T09:44:40","guid":{"rendered":"https:\/\/www.dc-3.club\/cm\/?page_id=2501"},"modified":"2025-12-21T20:23:41","modified_gmt":"2025-12-21T19:23:41","slug":"shop","status":"publish","type":"page","link":"https:\/\/www.dc-3.club\/cm\/shop\/","title":{"rendered":"SHOP"},"content":{"rendered":"\n<h3 class=\"wp-block-heading has-text-align-center\">Bestellungen bitte nur \u00fcber unser <a href=\"https:\/\/www.dc-3.club\/cm\/kontakt\/\" data-type=\"page\" data-id=\"21\">Kontaktformular<\/a> oder pers\u00f6hnlich bei einem der Clubabende<\/h3>\n\n\n\n<hr class=\"wp-block-separator has-css-opacity is-style-dots\"\/>\n\n\n\n<div class=\"wp-block-media-text alignwide is-stacked-on-mobile\"><figure class=\"wp-block-media-text__media\"><img loading=\"lazy\" decoding=\"async\" width=\"1024\" height=\"683\" src=\"https:\/\/www.dc-3.club\/cm\/wp-content\/uploads\/2020\/11\/Shop-RemoveBeforeFlight-1024x683.jpg\" alt=\"\" class=\"wp-image-2583 size-full\" srcset=\"https:\/\/www.dc-3.club\/cm\/wp-content\/uploads\/2020\/11\/Shop-RemoveBeforeFlight-1024x683.jpg 1024w, https:\/\/www.dc-3.club\/cm\/wp-content\/uploads\/2020\/11\/Shop-RemoveBeforeFlight-300x200.jpg 300w, https:\/\/www.dc-3.club\/cm\/wp-content\/uploads\/2020\/11\/Shop-RemoveBeforeFlight-768x512.jpg 768w, https:\/\/www.dc-3.club\/cm\/wp-content\/uploads\/2020\/11\/Shop-RemoveBeforeFlight-1536x1024.jpg 1536w, https:\/\/www.dc-3.club\/cm\/wp-content\/uploads\/2020\/11\/Shop-RemoveBeforeFlight-400x267.jpg 400w, https:\/\/www.dc-3.club\/cm\/wp-content\/uploads\/2020\/11\/Shop-RemoveBeforeFlight-600x400.jpg 600w, https:\/\/www.dc-3.club\/cm\/wp-content\/uploads\/2020\/11\/Shop-RemoveBeforeFlight-1200x800.jpg 1200w, https:\/\/www.dc-3.club\/cm\/wp-content\/uploads\/2020\/11\/Shop-RemoveBeforeFlight.jpg 1920w\" sizes=\"auto, (max-width: 1024px) 100vw, 1024px\" \/><\/figure><div class=\"wp-block-media-text__content\">\n<h3 class=\"wp-block-heading\">Remove Before Flight Schl\u00fcsselanh\u00e4nger<\/h3>\n\n\n\n<h3 class=\"wp-block-heading\">EUR 5,- zzgl. Versand<\/h3>\n<\/div><\/div>\n\n\n\n<hr class=\"wp-block-separator has-css-opacity is-style-dots\"\/>\n\n\n\n<div class=\"wp-block-media-text alignwide has-media-on-the-right is-stacked-on-mobile\"><div class=\"wp-block-media-text__content\">\n<h3 class=\"wp-block-heading has-text-align-right\">Herpa Flugzeugmodell DC-3 im Ma\u00dfstab 1:200<\/h3>\n\n\n\n<h3 class=\"wp-block-heading has-text-align-right\">EUR 35,- zzgl. Versand<\/h3>\n<\/div><figure class=\"wp-block-media-text__media\"><img loading=\"lazy\" decoding=\"async\" width=\"1024\" height=\"683\" src=\"https:\/\/www.dc-3.club\/cm\/wp-content\/uploads\/2020\/11\/Shop-Modell-1024x683.jpg\" alt=\"\" class=\"wp-image-2584 size-full\" srcset=\"https:\/\/www.dc-3.club\/cm\/wp-content\/uploads\/2020\/11\/Shop-Modell-1024x683.jpg 1024w, https:\/\/www.dc-3.club\/cm\/wp-content\/uploads\/2020\/11\/Shop-Modell-300x200.jpg 300w, https:\/\/www.dc-3.club\/cm\/wp-content\/uploads\/2020\/11\/Shop-Modell-768x512.jpg 768w, https:\/\/www.dc-3.club\/cm\/wp-content\/uploads\/2020\/11\/Shop-Modell-1536x1024.jpg 1536w, https:\/\/www.dc-3.club\/cm\/wp-content\/uploads\/2020\/11\/Shop-Modell-400x267.jpg 400w, https:\/\/www.dc-3.club\/cm\/wp-content\/uploads\/2020\/11\/Shop-Modell-600x400.jpg 600w, https:\/\/www.dc-3.club\/cm\/wp-content\/uploads\/2020\/11\/Shop-Modell-1200x800.jpg 1200w, https:\/\/www.dc-3.club\/cm\/wp-content\/uploads\/2020\/11\/Shop-Modell.jpg 1920w\" sizes=\"auto, (max-width: 1024px) 100vw, 1024px\" \/><\/figure><\/div>\n\n\n\n<hr class=\"wp-block-separator has-css-opacity is-style-dots\"\/>\n\n\n\n<div class=\"wp-block-media-text alignwide is-stacked-on-mobile\"><figure class=\"wp-block-media-text__media\"><img loading=\"lazy\" decoding=\"async\" width=\"1024\" height=\"681\" src=\"https:\/\/www.dc-3.club\/cm\/wp-content\/uploads\/2025\/12\/Shop-Cap-v2-1024x681.jpg\" alt=\"\" class=\"wp-image-20001 size-full\" srcset=\"https:\/\/www.dc-3.club\/cm\/wp-content\/uploads\/2025\/12\/Shop-Cap-v2-1024x681.jpg 1024w, https:\/\/www.dc-3.club\/cm\/wp-content\/uploads\/2025\/12\/Shop-Cap-v2-300x200.jpg 300w, https:\/\/www.dc-3.club\/cm\/wp-content\/uploads\/2025\/12\/Shop-Cap-v2-768x511.jpg 768w, https:\/\/www.dc-3.club\/cm\/wp-content\/uploads\/2025\/12\/Shop-Cap-v2-1536x1022.jpg 1536w, https:\/\/www.dc-3.club\/cm\/wp-content\/uploads\/2025\/12\/Shop-Cap-v2-400x266.jpg 400w, https:\/\/www.dc-3.club\/cm\/wp-content\/uploads\/2025\/12\/Shop-Cap-v2-600x399.jpg 600w, https:\/\/www.dc-3.club\/cm\/wp-content\/uploads\/2025\/12\/Shop-Cap-v2-1200x798.jpg 1200w, https:\/\/www.dc-3.club\/cm\/wp-content\/uploads\/2025\/12\/Shop-Cap-v2.jpg 1920w\" sizes=\"auto, (max-width: 1024px) 100vw, 1024px\" \/><\/figure><div class=\"wp-block-media-text__content\">\n<h3 class=\"wp-block-heading\">DC-3 Club Cap<\/h3>\n\n\n\n<h3 class=\"wp-block-heading\">EUR 27,- zzgl. Versand<\/h3>\n<\/div><\/div>\n\n\n\n<hr class=\"wp-block-separator has-css-opacity is-style-dots\"\/>\n\n\n\n<div class=\"wp-block-media-text has-media-on-the-right is-stacked-on-mobile\" style=\"grid-template-columns:auto 49%\"><div class=\"wp-block-media-text__content\">\n<h3 class=\"wp-block-heading\">DC-3 Club <strong>T-Shirt<\/strong> &amp; DC-3 Club <strong>Polo<\/strong><\/h3>\n\n\n\n<h3 class=\"wp-block-heading\">EUR 32,- zzgl. Versand f\u00fcr <strong>Polo<\/strong><br>EUR 26,- zzgl. Versand f\u00fcr <strong>T-Shirt<\/strong><\/h3>\n<\/div><figure class=\"wp-block-media-text__media\"><img loading=\"lazy\" decoding=\"async\" width=\"1024\" height=\"683\" src=\"https:\/\/www.dc-3.club\/cm\/wp-content\/uploads\/2024\/09\/Shop-T-Shirt-Polo-1024x683.jpg\" alt=\"\" class=\"wp-image-14999 size-full\" srcset=\"https:\/\/www.dc-3.club\/cm\/wp-content\/uploads\/2024\/09\/Shop-T-Shirt-Polo-1024x683.jpg 1024w, https:\/\/www.dc-3.club\/cm\/wp-content\/uploads\/2024\/09\/Shop-T-Shirt-Polo-300x200.jpg 300w, https:\/\/www.dc-3.club\/cm\/wp-content\/uploads\/2024\/09\/Shop-T-Shirt-Polo-768x512.jpg 768w, https:\/\/www.dc-3.club\/cm\/wp-content\/uploads\/2024\/09\/Shop-T-Shirt-Polo-1536x1024.jpg 1536w, https:\/\/www.dc-3.club\/cm\/wp-content\/uploads\/2024\/09\/Shop-T-Shirt-Polo-400x267.jpg 400w, https:\/\/www.dc-3.club\/cm\/wp-content\/uploads\/2024\/09\/Shop-T-Shirt-Polo-600x400.jpg 600w, https:\/\/www.dc-3.club\/cm\/wp-content\/uploads\/2024\/09\/Shop-T-Shirt-Polo-1200x800.jpg 1200w, https:\/\/www.dc-3.club\/cm\/wp-content\/uploads\/2024\/09\/Shop-T-Shirt-Polo.jpg 1920w\" sizes=\"auto, (max-width: 1024px) 100vw, 1024px\" \/><\/figure><\/div>\n\n\n\n<figure class=\"wp-block-gallery has-nested-images columns-default is-cropped wp-block-gallery-1 is-layout-flex wp-block-gallery-is-layout-flex\">\n<figure class=\"wp-block-image size-large\"><img loading=\"lazy\" decoding=\"async\" width=\"1024\" height=\"683\" data-id=\"14998\" src=\"https:\/\/www.dc-3.club\/cm\/wp-content\/uploads\/2024\/09\/Shop-T-Shirt-1024x683.jpg\" alt=\"\" class=\"wp-image-14998\" srcset=\"https:\/\/www.dc-3.club\/cm\/wp-content\/uploads\/2024\/09\/Shop-T-Shirt-1024x683.jpg 1024w, https:\/\/www.dc-3.club\/cm\/wp-content\/uploads\/2024\/09\/Shop-T-Shirt-300x200.jpg 300w, https:\/\/www.dc-3.club\/cm\/wp-content\/uploads\/2024\/09\/Shop-T-Shirt-768x512.jpg 768w, https:\/\/www.dc-3.club\/cm\/wp-content\/uploads\/2024\/09\/Shop-T-Shirt-1536x1024.jpg 1536w, https:\/\/www.dc-3.club\/cm\/wp-content\/uploads\/2024\/09\/Shop-T-Shirt-400x267.jpg 400w, https:\/\/www.dc-3.club\/cm\/wp-content\/uploads\/2024\/09\/Shop-T-Shirt-600x400.jpg 600w, https:\/\/www.dc-3.club\/cm\/wp-content\/uploads\/2024\/09\/Shop-T-Shirt-1200x800.jpg 1200w, https:\/\/www.dc-3.club\/cm\/wp-content\/uploads\/2024\/09\/Shop-T-Shirt.jpg 1920w\" sizes=\"auto, (max-width: 1024px) 100vw, 1024px\" \/><\/figure>\n\n\n\n<figure class=\"wp-block-image size-large\"><img loading=\"lazy\" decoding=\"async\" width=\"1024\" height=\"683\" data-id=\"14996\" src=\"https:\/\/www.dc-3.club\/cm\/wp-content\/uploads\/2024\/09\/Shop-Polo-1024x683.jpg\" alt=\"\" class=\"wp-image-14996\" srcset=\"https:\/\/www.dc-3.club\/cm\/wp-content\/uploads\/2024\/09\/Shop-Polo-1024x683.jpg 1024w, https:\/\/www.dc-3.club\/cm\/wp-content\/uploads\/2024\/09\/Shop-Polo-300x200.jpg 300w, https:\/\/www.dc-3.club\/cm\/wp-content\/uploads\/2024\/09\/Shop-Polo-768x512.jpg 768w, https:\/\/www.dc-3.club\/cm\/wp-content\/uploads\/2024\/09\/Shop-Polo-1536x1024.jpg 1536w, https:\/\/www.dc-3.club\/cm\/wp-content\/uploads\/2024\/09\/Shop-Polo-400x267.jpg 400w, https:\/\/www.dc-3.club\/cm\/wp-content\/uploads\/2024\/09\/Shop-Polo-600x400.jpg 600w, https:\/\/www.dc-3.club\/cm\/wp-content\/uploads\/2024\/09\/Shop-Polo-1200x800.jpg 1200w, https:\/\/www.dc-3.club\/cm\/wp-content\/uploads\/2024\/09\/Shop-Polo.jpg 1920w\" sizes=\"auto, (max-width: 1024px) 100vw, 1024px\" \/><\/figure>\n<\/figure>\n\n\n\n<hr class=\"wp-block-separator has-alpha-channel-opacity is-style-dots\"\/>\n\n\n\n<div class=\"wp-block-media-text alignwide is-stacked-on-mobile\"><figure class=\"wp-block-media-text__media\"><img loading=\"lazy\" decoding=\"async\" width=\"1024\" height=\"683\" src=\"https:\/\/www.dc-3.club\/cm\/wp-content\/uploads\/2020\/11\/Shop-Pin-1024x683.jpg\" alt=\"\" class=\"wp-image-2586 size-full\" srcset=\"https:\/\/www.dc-3.club\/cm\/wp-content\/uploads\/2020\/11\/Shop-Pin-1024x683.jpg 1024w, https:\/\/www.dc-3.club\/cm\/wp-content\/uploads\/2020\/11\/Shop-Pin-300x200.jpg 300w, https:\/\/www.dc-3.club\/cm\/wp-content\/uploads\/2020\/11\/Shop-Pin-768x512.jpg 768w, https:\/\/www.dc-3.club\/cm\/wp-content\/uploads\/2020\/11\/Shop-Pin-1536x1024.jpg 1536w, https:\/\/www.dc-3.club\/cm\/wp-content\/uploads\/2020\/11\/Shop-Pin-400x267.jpg 400w, https:\/\/www.dc-3.club\/cm\/wp-content\/uploads\/2020\/11\/Shop-Pin-600x400.jpg 600w, https:\/\/www.dc-3.club\/cm\/wp-content\/uploads\/2020\/11\/Shop-Pin-1200x800.jpg 1200w, https:\/\/www.dc-3.club\/cm\/wp-content\/uploads\/2020\/11\/Shop-Pin.jpg 1920w\" sizes=\"auto, (max-width: 1024px) 100vw, 1024px\" \/><\/figure><div class=\"wp-block-media-text__content\">\n<h3 class=\"wp-block-heading has-text-align-left\">DC-3 Club Pin<\/h3>\n\n\n\n<h3 class=\"wp-block-heading has-text-align-left\">EUR 4,- zzgl. Versand<\/h3>\n<\/div><\/div>\n\n\n\n<hr class=\"wp-block-separator has-alpha-channel-opacity is-style-dots\"\/>\n\n\n\n<div class=\"wp-block-media-text alignwide has-media-on-the-right is-stacked-on-mobile\"><div class=\"wp-block-media-text__content\">\n<h3 class=\"wp-block-heading has-text-align-right\">DC-3 Club Uhr<\/h3>\n\n\n\n<h3 class=\"wp-block-heading has-text-align-right\">EUR 15,- zzgl. Versand<\/h3>\n<\/div><figure class=\"wp-block-media-text__media\"><img loading=\"lazy\" decoding=\"async\" width=\"1024\" height=\"683\" src=\"https:\/\/www.dc-3.club\/cm\/wp-content\/uploads\/2020\/11\/Shop-Uhr-1024x683.jpg\" alt=\"\" class=\"wp-image-2587 size-full\" srcset=\"https:\/\/www.dc-3.club\/cm\/wp-content\/uploads\/2020\/11\/Shop-Uhr-1024x683.jpg 1024w, https:\/\/www.dc-3.club\/cm\/wp-content\/uploads\/2020\/11\/Shop-Uhr-300x200.jpg 300w, https:\/\/www.dc-3.club\/cm\/wp-content\/uploads\/2020\/11\/Shop-Uhr-768x512.jpg 768w, https:\/\/www.dc-3.club\/cm\/wp-content\/uploads\/2020\/11\/Shop-Uhr-1536x1024.jpg 1536w, https:\/\/www.dc-3.club\/cm\/wp-content\/uploads\/2020\/11\/Shop-Uhr-400x267.jpg 400w, https:\/\/www.dc-3.club\/cm\/wp-content\/uploads\/2020\/11\/Shop-Uhr-600x400.jpg 600w, https:\/\/www.dc-3.club\/cm\/wp-content\/uploads\/2020\/11\/Shop-Uhr-1200x800.jpg 1200w, https:\/\/www.dc-3.club\/cm\/wp-content\/uploads\/2020\/11\/Shop-Uhr.jpg 1920w\" sizes=\"auto, (max-width: 1024px) 100vw, 1024px\" \/><\/figure><\/div>\n\n\n\n<hr class=\"wp-block-separator has-css-opacity is-style-dots\"\/>\n\n\n\n<p><\/p>\n","protected":false},"excerpt":{"rendered":"<p>Bestellungen bitte nur \u00fcber unser Kontaktformular oder pers\u00f6hnlich bei einem der Clubabende Remove Before Flight Schl\u00fcsselanh\u00e4nger EUR 5,- zzgl. Versand Herpa Flugzeugmodell DC-3 im Ma\u00dfstab 1:200 EUR 35,- zzgl. Versand DC-3 Club Cap EUR 27,- zzgl. Versand DC-3 Club T-Shirt &amp; DC-3 Club Polo EUR 32,- zzgl. Versand f\u00fcr PoloEUR 26,- zzgl. Versand f\u00fcr T-Shirt [&hellip;]<\/p>\n","protected":false},"author":1,"featured_media":0,"parent":0,"menu_order":0,"comment_status":"closed","ping_status":"closed","template":"template-full.php","meta":{"_monsterinsights_skip_tracking":false,"_monsterinsights_sitenote_active":false,"_monsterinsights_sitenote_note":"","_monsterinsights_sitenote_category":0,"ngg_post_thumbnail":0,"footnotes":""},"class_list":["post-2501","page","type-page","status-publish","hentry"],"_links":{"self":[{"href":"https:\/\/www.dc-3.club\/cm\/wp-json\/wp\/v2\/pages\/2501","targetHints":{"allow":["GET"]}}],"collection":[{"href":"https:\/\/www.dc-3.club\/cm\/wp-json\/wp\/v2\/pages"}],"about":[{"href":"https:\/\/www.dc-3.club\/cm\/wp-json\/wp\/v2\/types\/page"}],"author":[{"embeddable":true,"href":"https:\/\/www.dc-3.club\/cm\/wp-json\/wp\/v2\/users\/1"}],"replies":[{"embeddable":true,"href":"https:\/\/www.dc-3.club\/cm\/wp-json\/wp\/v2\/comments?post=2501"}],"version-history":[{"count":7,"href":"https:\/\/www.dc-3.club\/cm\/wp-json\/wp\/v2\/pages\/2501\/revisions"}],"predecessor-version":[{"id":20002,"href":"https:\/\/www.dc-3.club\/cm\/wp-json\/wp\/v2\/pages\/2501\/revisions\/20002"}],"wp:attachment":[{"href":"https:\/\/www.dc-3.club\/cm\/wp-json\/wp\/v2\/media?parent=2501"}],"curies":[{"name":"wp","href":"https:\/\/api.w.org\/{rel}","templated":true}]}}