{"id":305,"date":"2016-02-22T21:22:03","date_gmt":"2016-02-22T19:22:03","guid":{"rendered":"http:\/\/www.dc-3.club\/cm\/?page_id=305"},"modified":"2021-11-24T15:01:55","modified_gmt":"2021-11-24T14:01:55","slug":"aktivitaeten","status":"publish","type":"page","link":"https:\/\/www.dc-3.club\/cm\/veranstaltungen-2\/aktivitaeten\/","title":{"rendered":"RENT A DC-3"},"content":{"rendered":"\n<h3 class=\"has-text-align-center wp-block-heading\">Mieten Sie unsere DC-3 f\u00fcr Ihre Veranstaltung<\/h3>\n\n\n\n<div class=\"wp-block-group\"><div class=\"wp-block-group__inner-container is-layout-flow wp-block-group-is-layout-flow\"><\/div><\/div>\n\n\n\n<div class=\"wp-block-columns is-layout-flex wp-container-core-columns-is-layout-9d6595d7 wp-block-columns-is-layout-flex\">\n<div class=\"wp-block-column is-layout-flow wp-block-column-is-layout-flow\">\n<ul class=\"has-medium-font-size wp-block-list\"><li>spezielle Atmosph\u00e4re am Vorfeld des Salzburg Airport<\/li><li>flexibles Catering<\/li><li>Platz f\u00fcr bis zu 25 Personen<\/li><li>Geburtstage, Firmenfeiern, Pr\u00e4sentationen und vieles mehr<\/li><li>Preis &#8211; Pauschal 250,- EUR f\u00fcr 5 Stunden<\/li><li>Sperrstunde Uhr 22:00 (Betriebsschluss Flughafen)<\/li><\/ul>\n<\/div>\n\n\n\n<div class=\"wp-block-column is-layout-flow wp-block-column-is-layout-flow\">\n<div class=\"wp-block-image\"><figure class=\"alignright size-large is-resized\"><img loading=\"lazy\" decoding=\"async\" src=\"https:\/\/www.dc-3.club\/cm\/wp-content\/uploads\/2014\/11\/DC-3_mieten.png\" alt=\"\" class=\"wp-image-168\" width=\"351\" height=\"424\" srcset=\"https:\/\/www.dc-3.club\/cm\/wp-content\/uploads\/2014\/11\/DC-3_mieten.png 702w, https:\/\/www.dc-3.club\/cm\/wp-content\/uploads\/2014\/11\/DC-3_mieten-249x300.png 249w, https:\/\/www.dc-3.club\/cm\/wp-content\/uploads\/2014\/11\/DC-3_mieten-555x670.png 555w, https:\/\/www.dc-3.club\/cm\/wp-content\/uploads\/2014\/11\/DC-3_mieten-360x434.png 360w, https:\/\/www.dc-3.club\/cm\/wp-content\/uploads\/2014\/11\/DC-3_mieten-262x316.png 262w\" sizes=\"auto, (max-width: 351px) 100vw, 351px\" \/><\/figure><\/div>\n<\/div>\n<\/div>\n\n\n\n<h3 class=\"wp-block-heading\">Bei Interesse k\u00f6nnen Sie uns <a href=\"http:\/\/www.dc-3.club\/cm\/kontakt\/\">hier <\/a>kontaktieren.<\/h3>\n\n\n\n<p><\/p>\n","protected":false},"excerpt":{"rendered":"<p>Mieten Sie unsere DC-3 f\u00fcr Ihre Veranstaltung spezielle Atmosph\u00e4re am Vorfeld des Salzburg Airport flexibles Catering Platz f\u00fcr bis zu 25 Personen Geburtstage, Firmenfeiern, Pr\u00e4sentationen und vieles mehr Preis &#8211; Pauschal 250,- EUR f\u00fcr 5 Stunden Sperrstunde Uhr 22:00 (Betriebsschluss Flughafen) Bei Interesse k\u00f6nnen Sie uns hier kontaktieren.<\/p>\n","protected":false},"author":1,"featured_media":0,"parent":39,"menu_order":0,"comment_status":"closed","ping_status":"closed","template":"template-full.php","meta":{"_monsterinsights_skip_tracking":false,"_monsterinsights_sitenote_active":false,"_monsterinsights_sitenote_note":"","_monsterinsights_sitenote_category":0,"ngg_post_thumbnail":0,"footnotes":""},"class_list":["post-305","page","type-page","status-publish","hentry"],"_links":{"self":[{"href":"https:\/\/www.dc-3.club\/cm\/wp-json\/wp\/v2\/pages\/305","targetHints":{"allow":["GET"]}}],"collection":[{"href":"https:\/\/www.dc-3.club\/cm\/wp-json\/wp\/v2\/pages"}],"about":[{"href":"https:\/\/www.dc-3.club\/cm\/wp-json\/wp\/v2\/types\/page"}],"author":[{"embeddable":true,"href":"https:\/\/www.dc-3.club\/cm\/wp-json\/wp\/v2\/users\/1"}],"replies":[{"embeddable":true,"href":"https:\/\/www.dc-3.club\/cm\/wp-json\/wp\/v2\/comments?post=305"}],"version-history":[{"count":10,"href":"https:\/\/www.dc-3.club\/cm\/wp-json\/wp\/v2\/pages\/305\/revisions"}],"predecessor-version":[{"id":4682,"href":"https:\/\/www.dc-3.club\/cm\/wp-json\/wp\/v2\/pages\/305\/revisions\/4682"}],"up":[{"embeddable":true,"href":"https:\/\/www.dc-3.club\/cm\/wp-json\/wp\/v2\/pages\/39"}],"wp:attachment":[{"href":"https:\/\/www.dc-3.club\/cm\/wp-json\/wp\/v2\/media?parent=305"}],"curies":[{"name":"wp","href":"https:\/\/api.w.org\/{rel}","templated":true}]}}