{"id":50,"date":"2014-11-13T17:17:42","date_gmt":"2014-11-13T15:17:42","guid":{"rendered":"http:\/\/www.dc-3.club\/cm\/?page_id=50"},"modified":"2020-10-26T20:53:14","modified_gmt":"2020-10-26T19:53:14","slug":"kauf","status":"publish","type":"page","link":"https:\/\/www.dc-3.club\/cm\/kauf\/","title":{"rendered":"Kauf, Abbau und Transport"},"content":{"rendered":"<h2><strong>Kauf, Abbau und Transport nach Salzburg<\/strong><\/h2>\n<h3><a href=\"http:\/\/www.dc-3.club\/cm\/wp-content\/uploads\/2014\/12\/Kauf_10.jpg\"><img loading=\"lazy\" decoding=\"async\" class=\"alignleft size-medium wp-image-127\" src=\"http:\/\/www.dc-3.club\/cm\/wp-content\/uploads\/2014\/12\/Kauf_10-300x200.jpg\" alt=\"Kauf_10\" width=\"300\" height=\"200\" srcset=\"https:\/\/www.dc-3.club\/cm\/wp-content\/uploads\/2014\/12\/Kauf_10-300x200.jpg 300w, https:\/\/www.dc-3.club\/cm\/wp-content\/uploads\/2014\/12\/Kauf_10-555x370.jpg 555w, https:\/\/www.dc-3.club\/cm\/wp-content\/uploads\/2014\/12\/Kauf_10-360x240.jpg 360w, https:\/\/www.dc-3.club\/cm\/wp-content\/uploads\/2014\/12\/Kauf_10-262x175.jpg 262w, https:\/\/www.dc-3.club\/cm\/wp-content\/uploads\/2014\/12\/Kauf_10.jpg 1024w\" sizes=\"auto, (max-width: 300px) 100vw, 300px\" \/><\/a>Bereits in den Wintermonaten fuhren wir mehrmals nach Wiener Neustadt, um die DC-3 von der Schneelast zu befreien und entsprechende Sicherungsma\u00dfnahmen sowie Vorbereitungsarbeiten f\u00fcr den Transport zu treffen.<a href=\"http:\/\/www.dc-3.club\/cm\/wp-content\/uploads\/2014\/12\/Kauf_09.jpg\"><img loading=\"lazy\" decoding=\"async\" class=\"alignright size-medium wp-image-126\" src=\"http:\/\/www.dc-3.club\/cm\/wp-content\/uploads\/2014\/12\/Kauf_09-300x200.jpg\" alt=\"Kauf_09\" width=\"300\" height=\"200\" srcset=\"https:\/\/www.dc-3.club\/cm\/wp-content\/uploads\/2014\/12\/Kauf_09-300x200.jpg 300w, https:\/\/www.dc-3.club\/cm\/wp-content\/uploads\/2014\/12\/Kauf_09-555x370.jpg 555w, https:\/\/www.dc-3.club\/cm\/wp-content\/uploads\/2014\/12\/Kauf_09-360x240.jpg 360w, https:\/\/www.dc-3.club\/cm\/wp-content\/uploads\/2014\/12\/Kauf_09-262x175.jpg 262w, https:\/\/www.dc-3.club\/cm\/wp-content\/uploads\/2014\/12\/Kauf_09.jpg 1024w\" sizes=\"auto, (max-width: 300px) 100vw, 300px\" \/><\/a><\/h3>\n<h3>Schon w\u00e4hrend der Verhandlungen \u00fcber den Ankauf unserer \u201cArizona Lady\u201d war der Transport von Wiener Neustadt nach Salzburg immer ein zentrales Thema. Von der M\u00f6glichkeit eines letzten Fluges bis zum Transport mit der Eisenbahn wurden alle nur denkbaren Varianten in Betracht gezogen. Sogar der Transport \u00fcber die Schweiz, wo unsere DC-3 die Hauptkulisse in einem Musical sein sollte, wurde in Erw\u00e4gung gezogen. Schlussendlich stellte sich der Stra\u00dfentransport als kosteng\u00fcnstigste Variante heraus. Die kompletten Transportkosten samt den daf\u00fcr notwendigen Kosten f\u00fcr die Demontage betrugen aber immer noch \u00fcber ATS 100.000,\u2013. Durch den Verkauf von sogenannten \u201cTransportbausteinen\u201d und die Unterst\u00fctzung durch die eigenen Clubmitglieder wurde dieser Transport erst erm\u00f6glicht.<\/h3>\n<h3><a href=\"http:\/\/www.dc-3.club\/cm\/wp-content\/uploads\/2014\/12\/Kauf_08.jpg\"><img loading=\"lazy\" decoding=\"async\" class=\"alignleft size-medium wp-image-125\" src=\"http:\/\/www.dc-3.club\/cm\/wp-content\/uploads\/2014\/12\/Kauf_08-300x200.jpg\" alt=\"Kauf_08\" width=\"300\" height=\"200\" srcset=\"https:\/\/www.dc-3.club\/cm\/wp-content\/uploads\/2014\/12\/Kauf_08-300x200.jpg 300w, https:\/\/www.dc-3.club\/cm\/wp-content\/uploads\/2014\/12\/Kauf_08-555x370.jpg 555w, https:\/\/www.dc-3.club\/cm\/wp-content\/uploads\/2014\/12\/Kauf_08-360x240.jpg 360w, https:\/\/www.dc-3.club\/cm\/wp-content\/uploads\/2014\/12\/Kauf_08-262x175.jpg 262w, https:\/\/www.dc-3.club\/cm\/wp-content\/uploads\/2014\/12\/Kauf_08.jpg 1024w\" sizes=\"auto, (max-width: 300px) 100vw, 300px\" \/><\/a>Die Vorbereitungsarbeiten f\u00fcr das fachm\u00e4nnische<a href=\"http:\/\/www.dc-3.club\/cm\/wp-content\/uploads\/2014\/12\/Kauf_11.jpg\"><img loading=\"lazy\" decoding=\"async\" class=\"alignright size-medium wp-image-128\" src=\"http:\/\/www.dc-3.club\/cm\/wp-content\/uploads\/2014\/12\/Kauf_11-200x300.jpg\" alt=\"Kauf_11\" width=\"200\" height=\"300\" srcset=\"https:\/\/www.dc-3.club\/cm\/wp-content\/uploads\/2014\/12\/Kauf_11-200x300.jpg 200w, https:\/\/www.dc-3.club\/cm\/wp-content\/uploads\/2014\/12\/Kauf_11-555x832.jpg 555w, https:\/\/www.dc-3.club\/cm\/wp-content\/uploads\/2014\/12\/Kauf_11-360x539.jpg 360w, https:\/\/www.dc-3.club\/cm\/wp-content\/uploads\/2014\/12\/Kauf_11-262x392.jpg 262w, https:\/\/www.dc-3.club\/cm\/wp-content\/uploads\/2014\/12\/Kauf_11.jpg 683w\" sizes=\"auto, (max-width: 200px) 100vw, 200px\" \/><\/a> Zerlegen und den Transport begannen schon Ende 1995. Vorerst musste gekl\u00e4rt werden, in wie viele Teile die Grand Old Lady der Luftfahrt zerlegt werden muss, um auf dem Stra\u00dfenwege mittels zweier ausziehbarer Tieflader transportiert werden zu k\u00f6nnen. Nach eingehendem Studium der diversen Flight Manuels, diverser anderer Literatur und R\u00fccksprache mit Herrn Werner Dobrovolny von der Albatros Airport Service <a href=\"http:\/\/www.dc-3.club\/cm\/wp-content\/uploads\/2014\/12\/Kauf_07.jpg\"><img loading=\"lazy\" decoding=\"async\" class=\"alignleft size-medium wp-image-123\" src=\"http:\/\/www.dc-3.club\/cm\/wp-content\/uploads\/2014\/12\/Kauf_07-300x200.jpg\" alt=\"Kauf_07\" width=\"300\" height=\"200\" srcset=\"https:\/\/www.dc-3.club\/cm\/wp-content\/uploads\/2014\/12\/Kauf_07-300x200.jpg 300w, https:\/\/www.dc-3.club\/cm\/wp-content\/uploads\/2014\/12\/Kauf_07-555x370.jpg 555w, https:\/\/www.dc-3.club\/cm\/wp-content\/uploads\/2014\/12\/Kauf_07-360x240.jpg 360w, https:\/\/www.dc-3.club\/cm\/wp-content\/uploads\/2014\/12\/Kauf_07-262x175.jpg 262w, https:\/\/www.dc-3.club\/cm\/wp-content\/uploads\/2014\/12\/Kauf_07.jpg 1024w\" sizes=\"auto, (max-width: 300px) 100vw, 300px\" \/><\/a>GmbH aus M\u00fcnchen stand fest, dass die DC-3 in folgende Einzelteile zerlegt werden muss: Rumpf, H\u00f6henleitwerk, Seitenleitwerk, Fl\u00fcgelmittelteil mit rechtem Fl\u00fcgel, linker Fl\u00fcgel und die beiden je 1200 PS starken Sternmotoren.<a href=\"http:\/\/www.dc-3.club\/cm\/wp-content\/uploads\/2014\/12\/Kauf_01.jpg\"><img loading=\"lazy\" decoding=\"async\" class=\"alignright size-medium wp-image-117\" src=\"http:\/\/www.dc-3.club\/cm\/wp-content\/uploads\/2014\/12\/Kauf_01-300x200.jpg\" alt=\"Kauf_01\" width=\"300\" height=\"200\" srcset=\"https:\/\/www.dc-3.club\/cm\/wp-content\/uploads\/2014\/12\/Kauf_01-300x200.jpg 300w, https:\/\/www.dc-3.club\/cm\/wp-content\/uploads\/2014\/12\/Kauf_01-555x370.jpg 555w, https:\/\/www.dc-3.club\/cm\/wp-content\/uploads\/2014\/12\/Kauf_01-360x240.jpg 360w, https:\/\/www.dc-3.club\/cm\/wp-content\/uploads\/2014\/12\/Kauf_01-262x175.jpg 262w, https:\/\/www.dc-3.club\/cm\/wp-content\/uploads\/2014\/12\/Kauf_01.jpg 1024w\" sizes=\"auto, (max-width: 300px) 100vw, 300px\" \/><\/a> Die Leitung der Demontage- und der Zusammenbauarbeiten wurden dem Leiter der Technikabteilung, Herrn Christian Schwendner, \u00fcbergeben und von diesem bestens vorbereitet. Bei allen Demontagearbeiten wurde besonders darauf geachtet, dass keine Teile zerst\u00f6rt bzw. besch\u00e4digt werden, denn unsere DC-3 soll ja beinahe flugf\u00e4hig werden. Bei mehreren Wochenendausfl\u00fcgen nach Wiener Neustadt wurden bereits wertvolle Vorarbeiten geleistet, sodass der endg\u00fcltige Abbau und der Transport nach Salzburg von 6 Mann in einer Woche durchgef\u00fchrt werden konnten.<\/h3>\n<h3><a href=\"http:\/\/www.dc-3.club\/cm\/wp-content\/uploads\/2014\/12\/Kauf_06.jpg\"><img loading=\"lazy\" decoding=\"async\" class=\"alignleft size-medium wp-image-122\" src=\"http:\/\/www.dc-3.club\/cm\/wp-content\/uploads\/2014\/12\/Kauf_06-300x200.jpg\" alt=\"Kauf_06\" width=\"300\" height=\"200\" srcset=\"https:\/\/www.dc-3.club\/cm\/wp-content\/uploads\/2014\/12\/Kauf_06-300x200.jpg 300w, https:\/\/www.dc-3.club\/cm\/wp-content\/uploads\/2014\/12\/Kauf_06-555x370.jpg 555w, https:\/\/www.dc-3.club\/cm\/wp-content\/uploads\/2014\/12\/Kauf_06-360x240.jpg 360w, https:\/\/www.dc-3.club\/cm\/wp-content\/uploads\/2014\/12\/Kauf_06-262x175.jpg 262w, https:\/\/www.dc-3.club\/cm\/wp-content\/uploads\/2014\/12\/Kauf_06.jpg 1024w\" sizes=\"auto, (max-width: 300px) 100vw, 300px\" \/><\/a>Der Transport selbst gestaltete sich nur bei einigen Engstellen im Stra\u00dfennetz von Wiener Neustadt und Salzburg auf Grund der Breite von 5 m und der L\u00e4nge von ca. 23 m der beiden Tieflader als schwierig. Doch unsere beiden Chauffeure Walter und Toni hatten diese kniffligen Situationen jeweils fest im Griff.<a href=\"http:\/\/www.dc-3.club\/cm\/wp-content\/uploads\/2014\/12\/Kauf_05.jpg\"><img loading=\"lazy\" decoding=\"async\" class=\"alignright size-medium wp-image-121\" src=\"http:\/\/www.dc-3.club\/cm\/wp-content\/uploads\/2014\/12\/Kauf_05-300x200.jpg\" alt=\"Kauf_05\" width=\"300\" height=\"200\" srcset=\"https:\/\/www.dc-3.club\/cm\/wp-content\/uploads\/2014\/12\/Kauf_05-300x200.jpg 300w, https:\/\/www.dc-3.club\/cm\/wp-content\/uploads\/2014\/12\/Kauf_05-555x370.jpg 555w, https:\/\/www.dc-3.club\/cm\/wp-content\/uploads\/2014\/12\/Kauf_05-360x240.jpg 360w, https:\/\/www.dc-3.club\/cm\/wp-content\/uploads\/2014\/12\/Kauf_05-262x175.jpg 262w, https:\/\/www.dc-3.club\/cm\/wp-content\/uploads\/2014\/12\/Kauf_05.jpg 1024w\" sizes=\"auto, (max-width: 300px) 100vw, 300px\" \/><\/a> Am Samstag, dem 29. Juni war es dann um knapp vor 11:00 Uhr endlich soweit. Der Transportkonvoi konnte den vorl\u00e4ufigen Standort f\u00fcr den Zusammenbau am Salzburg Airport (GAC auf der Nordseite der Werft) erreichen. Nach einem kurzen Empfang mit Presse und Ehreng\u00e4sten mit einem kleinen Buffet wurde sofort mit den Zusammenbauarbeiten begonnen. Auch das Wetter spielte bis am Nachmittag gut mit, sodass die Arbeiten z\u00fcgig vorangingen. Besonders spannend ist sicherlich der Moment, wenn der Rumpf millimetergenau vom Kran auf die Centersektion gesetzt werden muss. Doch Dank unseres Kranf\u00fchrers Gottfried Gl\u00fcck wurde auch diese heikle Aufgabe bestens bew\u00e4ltigt.<\/h3>\n<p><a href=\"http:\/\/www.dc-3.club\/cm\/wp-content\/uploads\/2014\/12\/Kauf_03.jpg\"><img loading=\"lazy\" decoding=\"async\" class=\"aligncenter wp-image-119 size-medium\" src=\"http:\/\/www.dc-3.club\/cm\/wp-content\/uploads\/2014\/12\/Kauf_03-300x200.jpg\" alt=\"Kauf_03\" width=\"300\" height=\"200\" srcset=\"https:\/\/www.dc-3.club\/cm\/wp-content\/uploads\/2014\/12\/Kauf_03-300x200.jpg 300w, https:\/\/www.dc-3.club\/cm\/wp-content\/uploads\/2014\/12\/Kauf_03-555x370.jpg 555w, https:\/\/www.dc-3.club\/cm\/wp-content\/uploads\/2014\/12\/Kauf_03-360x240.jpg 360w, https:\/\/www.dc-3.club\/cm\/wp-content\/uploads\/2014\/12\/Kauf_03-262x175.jpg 262w, https:\/\/www.dc-3.club\/cm\/wp-content\/uploads\/2014\/12\/Kauf_03.jpg 1024w\" sizes=\"auto, (max-width: 300px) 100vw, 300px\" \/><\/a><\/p>\n","protected":false},"excerpt":{"rendered":"<p>Kauf, Abbau und Transport nach Salzburg Bereits in den Wintermonaten fuhren wir mehrmals nach Wiener Neustadt, um die DC-3 von der Schneelast zu befreien und entsprechende Sicherungsma\u00dfnahmen sowie Vorbereitungsarbeiten f\u00fcr den Transport zu treffen. Schon w\u00e4hrend der Verhandlungen \u00fcber den Ankauf unserer \u201cArizona Lady\u201d war der Transport von Wiener Neustadt nach Salzburg immer ein zentrales [&hellip;]<\/p>\n","protected":false},"author":1,"featured_media":0,"parent":0,"menu_order":0,"comment_status":"closed","ping_status":"open","template":"template-full.php","meta":{"_monsterinsights_skip_tracking":false,"_monsterinsights_sitenote_active":false,"_monsterinsights_sitenote_note":"","_monsterinsights_sitenote_category":0,"ngg_post_thumbnail":0,"footnotes":""},"class_list":["post-50","page","type-page","status-publish","hentry"],"_links":{"self":[{"href":"https:\/\/www.dc-3.club\/cm\/wp-json\/wp\/v2\/pages\/50","targetHints":{"allow":["GET"]}}],"collection":[{"href":"https:\/\/www.dc-3.club\/cm\/wp-json\/wp\/v2\/pages"}],"about":[{"href":"https:\/\/www.dc-3.club\/cm\/wp-json\/wp\/v2\/types\/page"}],"author":[{"embeddable":true,"href":"https:\/\/www.dc-3.club\/cm\/wp-json\/wp\/v2\/users\/1"}],"replies":[{"embeddable":true,"href":"https:\/\/www.dc-3.club\/cm\/wp-json\/wp\/v2\/comments?post=50"}],"version-history":[{"count":6,"href":"https:\/\/www.dc-3.club\/cm\/wp-json\/wp\/v2\/pages\/50\/revisions"}],"predecessor-version":[{"id":2492,"href":"https:\/\/www.dc-3.club\/cm\/wp-json\/wp\/v2\/pages\/50\/revisions\/2492"}],"wp:attachment":[{"href":"https:\/\/www.dc-3.club\/cm\/wp-json\/wp\/v2\/media?parent=50"}],"curies":[{"name":"wp","href":"https:\/\/api.w.org\/{rel}","templated":true}]}}